{"id":1045,"date":"2022-03-09T08:55:51","date_gmt":"2022-03-09T13:55:51","guid":{"rendered":"https:\/\/www.expertaccounting.ca\/?page_id=1045"},"modified":"2022-03-09T08:55:51","modified_gmt":"2022-03-09T13:55:51","slug":"inventory-management-whitepaper","status":"publish","type":"page","link":"https:\/\/www.expertaccounting.ca\/fr\/inventory-management-whitepaper\/","title":{"rendered":"Inventory Management Whitepaper"},"content":{"rendered":"\r\n\r\nWant more infomation? Download our whitepaper.\r\n\r\n\r\n\r\n\r\n<div class=\"before-and-after-goal before-and-after-goal-839\"><form id=\"gp_custom_form_875\" class=\"gp_custom_form\" action=\"\/fr\/wp-json\/wp\/v2\/pages\/1045\" method=\"POST\" enctype=\"multipart\/form-data\"><div class=\"field_wrapper text_wrapper \">\r\n\t<label for=\"form_875_single_line_text_1\">Full Name *<\/label>\r\n\t<input \r\n\t\ttype=\"text\"\r\n\t\tvalue=\"\"\r\n\t\tname=\"form_875[single_line_text_1]\"\r\n\t\tid=\"form_875_single_line_text_1\"\r\n\t\tdata-required=\"1\"\r\n\t\/>\r\n\r\n\t\r\n\t<\/div><div class=\"field_wrapper email_wrapper \">\r\n\t<label for=\"form_875_email_2\">Email *<\/label>\r\n\t<input \r\n\t\ttype=\"email\"\r\n\t\tvalue=\"\"\r\n\t\tname=\"form_875[email_2]\"\r\n\t\tid=\"form_875_email_2\"\r\n\t\tdata-required=\"1\"\r\n\t\/>\r\n\r\n\t\r\n\t<\/div>\t\r\n<div class=\"field_wrapper phone_wrapper \">\r\n\t<label for=\"form_875_phone_4\">Phone <\/label>\r\n\t<input \r\n\t\ttype=\"phone\"\r\n\t\tvalue=\"\"\r\n\t\tname=\"form_875[phone_4]\"\r\n\t\tid=\"form_875_phone_4\"\r\n\t\tdata-required=\"0\"\r\n\t\/>\r\n\r\n\t\r\n\t<\/div><div class=\"field_wrapper textarea_wrapper \">\r\n\t<label for=\"form_875_multi_line_text_7\">Any Questions? <\/label>\r\n\t<textarea \r\n\t\tname=\"form_875[multi_line_text_7]\"\r\n\t\tid=\"form_875_multi_line_text_7\"\r\n\t\tdata-required=\"0\"\r\n\t><\/textarea>\r\n\r\n\t\r\n\t<\/div><div class=\"field_wrapper checkbox_wrapper \">\r\n\t<input \r\n\t\ttype=\"hidden\"\r\n\t\tvalue=\"0\"\r\n\t\tname=\"form_875[checkbox_6]\"\r\n\t\/>\r\n\t<label for=\"form_875_checkbox_6\">\r\n\t\t<input \r\n\t\t\ttype=\"checkbox\"\r\n\t\t\tvalue=\"1\"\r\n\t\t\t\t\t\tname=\"form_875[checkbox_6]\"\r\n\t\t\tid=\"form_875_checkbox_6\"\r\n\t\t\tdata-required=\"1\"\r\n\t\t\/>\r\n\t\tI agree to receive comminucations from Expert Acounting *\t<\/label>\r\n\r\n\t\r\n\t<\/div>\t\t\t\t\t\t\t\t\t\t\t\t\r\n<div class=\"field_wrapper text_wrapper html_wrapper\">\r\nOnce you press the get The Whitepaper button, the download link will appear here. You can then click the link to dowload the whitepaper (PDF).<\/div><div style=\"display:none;\"><label for=\"gp_custom_form_extra_comments_hp\">Leave this field blank<\/label><input type=\"text\" name=\"gp_custom_form_extra_comments_hp\" value=\"\" placeholder=\"Leave this field blank\" \/><\/div><input type=\"hidden\" name=\"gp_custom_form_submitted\" value=\"1\" \/><input type=\"hidden\" name=\"gp_custom_form_id\" value=\"875\" \/><button type=\"submit\">Get The Whitepaper<\/button><input type=\"hidden\" name=\"_before_after_goal_id\" value=\"839\" \/><\/form><\/div>\r\n","protected":false},"excerpt":{"rendered":"<p>Want more infomation? Download our whitepaper.<\/p>\n","protected":false},"author":6,"featured_media":0,"parent":0,"menu_order":0,"comment_status":"closed","ping_status":"closed","template":"","meta":{"footnotes":""},"class_list":["post-1045","page","type-page","status-publish","hentry"],"yoast_head":"<!-- This site is optimized with the Yoast SEO plugin v26.7 - https:\/\/yoast.com\/wordpress\/plugins\/seo\/ -->\n<title>Inventory Management Whitepaper - Comptabilit\u00e9 Expert<\/title>\n<meta name=\"robots\" content=\"index, follow, max-snippet:-1, max-image-preview:large, max-video-preview:-1\" \/>\n<link rel=\"canonical\" href=\"https:\/\/www.expertaccounting.ca\/inventory-management-whitepaper\/\" \/>\n<meta property=\"og:locale\" content=\"fr_FR\" \/>\n<meta property=\"og:type\" content=\"article\" \/>\n<meta property=\"og:title\" content=\"Inventory Management Whitepaper - Comptabilit\u00e9 Expert\" \/>\n<meta property=\"og:description\" content=\"Want more infomation? Download our whitepaper.\" \/>\n<meta property=\"og:url\" content=\"https:\/\/www.expertaccounting.ca\/inventory-management-whitepaper\/\" \/>\n<meta property=\"og:site_name\" content=\"Comptabilit\u00e9 Expert\" \/>\n<meta name=\"twitter:card\" content=\"summary_large_image\" \/>\n<script type=\"application\/ld+json\" class=\"yoast-schema-graph\">{\"@context\":\"https:\/\/schema.org\",\"@graph\":[{\"@type\":\"WebPage\",\"@id\":\"https:\/\/www.expertaccounting.ca\/inventory-management-whitepaper\/\",\"url\":\"https:\/\/www.expertaccounting.ca\/inventory-management-whitepaper\/\",\"name\":\"Inventory Management Whitepaper - Comptabilit\u00e9 Expert\",\"isPartOf\":{\"@id\":\"https:\/\/www.expertaccounting.ca\/fr\/#website\"},\"datePublished\":\"2022-03-09T13:55:51+00:00\",\"breadcrumb\":{\"@id\":\"https:\/\/www.expertaccounting.ca\/inventory-management-whitepaper\/#breadcrumb\"},\"inLanguage\":\"fr-FR\",\"potentialAction\":[{\"@type\":\"ReadAction\",\"target\":[\"https:\/\/www.expertaccounting.ca\/inventory-management-whitepaper\/\"]}]},{\"@type\":\"BreadcrumbList\",\"@id\":\"https:\/\/www.expertaccounting.ca\/inventory-management-whitepaper\/#breadcrumb\",\"itemListElement\":[{\"@type\":\"ListItem\",\"position\":1,\"name\":\"Home\",\"item\":\"https:\/\/www.expertaccounting.ca\/fr\/\"},{\"@type\":\"ListItem\",\"position\":2,\"name\":\"Inventory Management Whitepaper\"}]},{\"@type\":\"WebSite\",\"@id\":\"https:\/\/www.expertaccounting.ca\/fr\/#website\",\"url\":\"https:\/\/www.expertaccounting.ca\/fr\/\",\"name\":\"Comptabilit\u00e9 Expert\",\"description\":\"Am\u00e9liorer la profitabilit\u00e9\",\"potentialAction\":[{\"@type\":\"SearchAction\",\"target\":{\"@type\":\"EntryPoint\",\"urlTemplate\":\"https:\/\/www.expertaccounting.ca\/fr\/?s={search_term_string}\"},\"query-input\":{\"@type\":\"PropertyValueSpecification\",\"valueRequired\":true,\"valueName\":\"search_term_string\"}}],\"inLanguage\":\"fr-FR\"}]}<\/script>\n<!-- \/ Yoast SEO plugin. -->","yoast_head_json":{"title":"Inventory Management Whitepaper - Comptabilit\u00e9 Expert","robots":{"index":"index","follow":"follow","max-snippet":"max-snippet:-1","max-image-preview":"max-image-preview:large","max-video-preview":"max-video-preview:-1"},"canonical":"https:\/\/www.expertaccounting.ca\/inventory-management-whitepaper\/","og_locale":"fr_FR","og_type":"article","og_title":"Inventory Management Whitepaper - Comptabilit\u00e9 Expert","og_description":"Want more infomation? Download our whitepaper.","og_url":"https:\/\/www.expertaccounting.ca\/inventory-management-whitepaper\/","og_site_name":"Comptabilit\u00e9 Expert","twitter_card":"summary_large_image","schema":{"@context":"https:\/\/schema.org","@graph":[{"@type":"WebPage","@id":"https:\/\/www.expertaccounting.ca\/inventory-management-whitepaper\/","url":"https:\/\/www.expertaccounting.ca\/inventory-management-whitepaper\/","name":"Inventory Management Whitepaper - Comptabilit\u00e9 Expert","isPartOf":{"@id":"https:\/\/www.expertaccounting.ca\/fr\/#website"},"datePublished":"2022-03-09T13:55:51+00:00","breadcrumb":{"@id":"https:\/\/www.expertaccounting.ca\/inventory-management-whitepaper\/#breadcrumb"},"inLanguage":"fr-FR","potentialAction":[{"@type":"ReadAction","target":["https:\/\/www.expertaccounting.ca\/inventory-management-whitepaper\/"]}]},{"@type":"BreadcrumbList","@id":"https:\/\/www.expertaccounting.ca\/inventory-management-whitepaper\/#breadcrumb","itemListElement":[{"@type":"ListItem","position":1,"name":"Home","item":"https:\/\/www.expertaccounting.ca\/fr\/"},{"@type":"ListItem","position":2,"name":"Inventory Management Whitepaper"}]},{"@type":"WebSite","@id":"https:\/\/www.expertaccounting.ca\/fr\/#website","url":"https:\/\/www.expertaccounting.ca\/fr\/","name":"Comptabilit\u00e9 Expert","description":"Am\u00e9liorer la profitabilit\u00e9","potentialAction":[{"@type":"SearchAction","target":{"@type":"EntryPoint","urlTemplate":"https:\/\/www.expertaccounting.ca\/fr\/?s={search_term_string}"},"query-input":{"@type":"PropertyValueSpecification","valueRequired":true,"valueName":"search_term_string"}}],"inLanguage":"fr-FR"}]}},"_links":{"self":[{"href":"https:\/\/www.expertaccounting.ca\/fr\/wp-json\/wp\/v2\/pages\/1045","targetHints":{"allow":["GET"]}}],"collection":[{"href":"https:\/\/www.expertaccounting.ca\/fr\/wp-json\/wp\/v2\/pages"}],"about":[{"href":"https:\/\/www.expertaccounting.ca\/fr\/wp-json\/wp\/v2\/types\/page"}],"author":[{"embeddable":true,"href":"https:\/\/www.expertaccounting.ca\/fr\/wp-json\/wp\/v2\/users\/6"}],"replies":[{"embeddable":true,"href":"https:\/\/www.expertaccounting.ca\/fr\/wp-json\/wp\/v2\/comments?post=1045"}],"version-history":[{"count":2,"href":"https:\/\/www.expertaccounting.ca\/fr\/wp-json\/wp\/v2\/pages\/1045\/revisions"}],"predecessor-version":[{"id":1047,"href":"https:\/\/www.expertaccounting.ca\/fr\/wp-json\/wp\/v2\/pages\/1045\/revisions\/1047"}],"wp:attachment":[{"href":"https:\/\/www.expertaccounting.ca\/fr\/wp-json\/wp\/v2\/media?parent=1045"}],"curies":[{"name":"wp","href":"https:\/\/api.w.org\/{rel}","templated":true}]}}