{"id":1051,"date":"2022-03-09T08:55:51","date_gmt":"2022-03-09T13:55:51","guid":{"rendered":"https:\/\/www.expertaccounting.ca\/?page_id=1051"},"modified":"2022-03-10T15:59:29","modified_gmt":"2022-03-10T20:59:29","slug":"foire-aux-questions","status":"publish","type":"page","link":"https:\/\/www.expertaccounting.ca\/fr\/foire-aux-questions\/","title":{"rendered":"Foire aux questions"},"content":{"rendered":"<div class=\"wpb-content-wrapper\"><p>[vc_section full_width=\u00a0\u00bbstretch_row\u00a0\u00bb content_placement=\u00a0\u00bbmiddle\u00a0\u00bb parallax=\u00a0\u00bbcontent-moving\u00a0\u00bb parallax_image=\u00a0\u00bb222&Prime; el_class=\u00a0\u00bbinner-hero-bg\u00a0\u00bb]<section class=\"vc_row wpb_row vc_row-fluid\"><div class=\"wpb_column vc_column_container vc_col-sm-6  col-xs-mobile-fullwidth\"><div class=\"vc_column-inner \"><div class=\"wpb_wrapper\"><\/div><\/div><\/div><div class=\"wpb_column vc_column_container vc_col-sm-6  col-xs-mobile-fullwidth\"><div class=\"vc_column-inner \"><div class=\"wpb_wrapper\"><div class=\"inner-hero last-paragraph-no-margin\"><h1 class=\"text-black alt-font font-weight-600 letter-spacing-minus-1 margin-10px-bottom\">Vous avez des questions,<br \/>\n<span style=\"color: #e01738 !important; font-weight: bold;\">nous vous r\u00e9pondons.<\/span><\/p>\n<p>Parcourez la liste des questions les plus fr\u00e9quentes pour obtenir plus d\u2019information sur nos services de comptabilit\u00e9.<\/p>\n<\/div><\/div><\/div><\/div><\/section>[\/vc_section]<section class=\"vc_row wpb_row vc_row-fluid\"><div class=\"wpb_column vc_column_container faq-accordian vc_col-sm-12  col-xs-mobile-fullwidth\"><div class=\"vc_column-inner \"><div class=\"wpb_wrapper\"><div class=\" vc_custom_1646837094986 last-paragraph-no-margin\"><h6 style=\"font-weight: 600; color: #232323; text-transform: uppercase;\">FOIRE AUX QUESTIONS<\/h6>\n<\/div><div class=\"panel-group accordion-style1\" id=\"accordion-1\" ><div class=\"panel text-left\">\n                                        <div class=\"panel-heading \">\n                                            <a data-toggle=\"collapse\" data-parent=\"#accordion-1\" href=\"#accordion-one-link-1\">\n                                                <div class=\"panel-title font-weight-500 text-extra-dark-gray\" style=\"font-weight: 500; color: #6f6f6f;\">\n                                                    POURQUOI DEVRAIS-JE FAIRE APPEL AUX SERVICES DE COMPTABILIT\u00c9 EXPERT?<span class=\"pull-right\"><i class=\"ti-plus\"><\/i><\/span>\n                                                <\/div>\n                                            <\/a>\n                                        <\/div>\n                                        <div id=\"accordion-one-link-1\" class=\"panel-collapse collapse \">\n                                            <div class=\"panel-body\" style=\"font-size: 16; color: #6f6f6f;\" data-fontsize=\"16\"><p>Chaque d\u00e9taillant est diff\u00e9rent, mais la plupart de leurs probl\u00e8mes sont universels. Tous nos clients souhaitent avoir plus de temps pour g\u00e9rer leurs op\u00e9rations, moins de stress et une plus grande tranquillit\u00e9 d'esprit.<\/p>\n<p>De nombreux magasins sont insatisfaits de leur syst\u00e8me actuel de comptabilit\u00e9. Nous savons qu'il est difficile de trouver une personne qualifi\u00e9e et fiable, ou de faire appel \u00e0 du personnel \u00e0 temps partiel qui doit \u00eatre form\u00e9 chaque fois. \u00c0 cela s'ajoutent les co\u00fbts de correction des erreurs, de formation et l'absence de rapports financiers pr\u00e9cis en temps voulu.<\/p>\n<p>Et c'est l\u00e0 que nous pouvons vous aider! Le service de Comptabilit\u00e9 Expert vous offre une solution cl\u00e9 en main pour la tenue de votre comptabilit\u00e9. Nous disposons d'une \u00e9quipe de professionnels chevronn\u00e9s du commerce de d\u00e9tail qui travaillera avec vous pour atteindre vos objectifs.<\/p>\n<p>Le paysage du commerce de d\u00e9tail est en constante \u00e9volution, tout comme votre entreprise. Les services de Comptabilit\u00e9 Expert peuvent identifier les probl\u00e8mes majeurs et vous aider \u00e0 les r\u00e9gler avant qu'ils se posent, garantissant ainsi votre capacit\u00e9 \u00e0 trouver la meilleure solution pour progresser efficacement.<\/p>\n<\/div>\n                                        <\/div>\n                                    <\/div><div class=\"panel text-left\">\n                                        <div class=\"panel-heading \">\n                                            <a data-toggle=\"collapse\" data-parent=\"#accordion-1\" href=\"#accordion-one-link-2\">\n                                                <div class=\"panel-title font-weight-500 text-extra-dark-gray\" style=\"font-weight: 500; color: #6f6f6f;\">\n                                                    COMMENT LE SERVICE DE COMPTABILIT\u00c9E EXPERT AURAIT-IL ACC\u00c8S \u00c0 MES INFORMATIONS? <span class=\"pull-right\"><i class=\"ti-plus\"><\/i><\/span>\n                                                <\/div>\n                                            <\/a>\n                                        <\/div>\n                                        <div id=\"accordion-one-link-2\" class=\"panel-collapse collapse \">\n                                            <div class=\"panel-body\" style=\"font-size: 16; color: #6f6f6f;\" data-fontsize=\"16\"><p>Nous acc\u00e9dons \u00e0 distance par le biais d'applications s\u00e9curis\u00e9es. Dans le magasin, nous devons avoir acc\u00e8s au syst\u00e8me de point de vente. Le fait d'\u00eatre une entreprise canadienne signifie qu'il y a peu de probl\u00e8mes li\u00e9s \u00e0 des d\u00e9calages horaires. C'est aussi simple que cela! <\/p>\n<\/div>\n                                        <\/div>\n                                    <\/div><div class=\"panel text-left\">\n                                        <div class=\"panel-heading \">\n                                            <a data-toggle=\"collapse\" data-parent=\"#accordion-1\" href=\"#accordion-one-link-3\">\n                                                <div class=\"panel-title font-weight-500 text-extra-dark-gray\" style=\"font-weight: 500; color: #6f6f6f;\">\n                                                     QUELS SONT LES CO\u00dbTS LI\u00c9S AU SERVICE DE COMPTABILIT\u00c9 EXPERT?<span class=\"pull-right\"><i class=\"ti-plus\"><\/i><\/span>\n                                                <\/div>\n                                            <\/a>\n                                        <\/div>\n                                        <div id=\"accordion-one-link-3\" class=\"panel-collapse collapse \">\n                                            <div class=\"panel-body\" style=\"font-size: 16; color: #6f6f6f;\" data-fontsize=\"16\"><p>Avec nos clients actuels, nous avons constat\u00e9 que nos honoraires sont comparables \u00e0 ce que le magasin paie actuellement pour le service de comptabilit\u00e9 en magasin et, dans de nombreux cas, moins \u00e9lev\u00e9s. De plus, nous \u00e9liminons tous les tracas li\u00e9s aux cong\u00e9s de maternit\u00e9, aux cong\u00e9s de maladie, aux vacances, \u00e0 l'absent\u00e9isme, \u00e0 la formation, etc.<\/p>\n<p>Notre structure de prix est simplement bas\u00e9e sur votre volume de ventes annuel et le niveau de service requis. Sachant qu'il n'y a pas deux entreprises identiques, le service de Comptabilit\u00e9 Expert est en mesure de personnaliser un programme pour r\u00e9pondre \u00e0 vos besoins et \u00e0 votre budget.<\/p>\n<\/div>\n                                        <\/div>\n                                    <\/div><div class=\"panel text-left\">\n                                        <div class=\"panel-heading \">\n                                            <a data-toggle=\"collapse\" data-parent=\"#accordion-1\" href=\"#accordion-one-link-4\">\n                                                <div class=\"panel-title font-weight-500 text-extra-dark-gray\" style=\"font-weight: 500; color: #6f6f6f;\">\n                                                    QUELS AUTRES AVANTAGES LE SERVICE DE COMPTABILIT\u00c9 EXPERT APPORTE-T-IL \u00c0 MON ENTREPRISE?<span class=\"pull-right\"><i class=\"ti-plus\"><\/i><\/span>\n                                                <\/div>\n                                            <\/a>\n                                        <\/div>\n                                        <div id=\"accordion-one-link-4\" class=\"panel-collapse collapse \">\n                                            <div class=\"panel-body\" style=\"font-size: 16; color: #6f6f6f;\" data-fontsize=\"16\"><p>Merci de poser la question! En effet, c'est l\u00e0 que nous excellons. Nous savons que de nombreuses op\u00e9rations souffrent d'une mauvaise gestion financi\u00e8re qui, dans de nombreux cas, a beaucoup \u00e0 voir avec des rapports financiers insuffisants. Et pourquoi cela? La plupart des propri\u00e9taires\/exploitants portent une multitude de chapeaux au cours de la journ\u00e9e et, dans de nombreux cas malheureusement, les finances sont souvent n\u00e9glig\u00e9es. Nous fournissons au propri\u00e9taire des rapports financiers pr\u00e9cis et \u00e0 jour, qui l'aident consid\u00e9rablement \u00e0 prendre des d\u00e9cisions pour son entreprise. Cela peut changer la donne pour de nombreux magasins. Nous sommes en mesure d'attirer votre attention sur les mesures cl\u00e9s n\u00e9cessaires pour que l\u2019exploitation soit rentable, ainsi que sur les comparaisons avec les indicateurs cl\u00e9s de performance dans l\u2019industrie.<\/p>\n<p>Gr\u00e2ce \u00e0 ce processus, nous pouvons am\u00e9liorer la marge brute des magasins de 1 \u00e0 2 %. Encore une fois, les membres de notre \u00e9quipe comprennent le commerce de d\u00e9tail, et pas seulement du point de vue de la comptabilit\u00e9. Nous savons et nous comprenons ce qu'il faut faire pour \u00eatre rentable dans un environnement de vente au d\u00e9tail en constante \u00e9volution.<\/p>\n<\/div>\n                                        <\/div>\n                                    <\/div><\/div><\/div><\/div><\/div><\/section>\n<\/div>","protected":false},"excerpt":{"rendered":"<p>[vc_section full_width=\u00a0\u00bbstretch_row\u00a0\u00bb content_placement=\u00a0\u00bbmiddle\u00a0\u00bb parallax=\u00a0\u00bbcontent-moving\u00a0\u00bb parallax_image=\u00a0\u00bb222&Prime; el_class=\u00a0\u00bbinner-hero-bg\u00a0\u00bb][\/vc_section]<\/p>\n","protected":false},"author":6,"featured_media":0,"parent":0,"menu_order":0,"comment_status":"closed","ping_status":"closed","template":"","meta":{"footnotes":""},"class_list":["post-1051","page","type-page","status-publish","hentry"],"yoast_head":"<!-- This site is optimized with the Yoast SEO plugin v26.7 - https:\/\/yoast.com\/wordpress\/plugins\/seo\/ -->\n<title>Foire aux questions - Comptabilit\u00e9 Expert<\/title>\n<meta name=\"robots\" content=\"index, follow, max-snippet:-1, max-image-preview:large, max-video-preview:-1\" \/>\n<link rel=\"canonical\" href=\"https:\/\/www.expertaccounting.ca\/faq\/\" \/>\n<meta property=\"og:locale\" content=\"fr_FR\" \/>\n<meta property=\"og:type\" content=\"article\" \/>\n<meta property=\"og:title\" content=\"Foire aux questions - Comptabilit\u00e9 Expert\" \/>\n<meta property=\"og:description\" content=\"[vc_section full_width=\u00a0\u00bbstretch_row\u00a0\u00bb content_placement=\u00a0\u00bbmiddle\u00a0\u00bb parallax=\u00a0\u00bbcontent-moving\u00a0\u00bb parallax_image=\u00a0\u00bb222&Prime; el_class=\u00a0\u00bbinner-hero-bg\u00a0\u00bb][\/vc_section]\" \/>\n<meta property=\"og:url\" content=\"https:\/\/www.expertaccounting.ca\/faq\/\" \/>\n<meta property=\"og:site_name\" content=\"Comptabilit\u00e9 Expert\" \/>\n<meta property=\"article:modified_time\" content=\"2022-03-10T20:59:29+00:00\" \/>\n<meta name=\"twitter:card\" content=\"summary_large_image\" \/>\n<meta name=\"twitter:label1\" content=\"Dur\u00e9e de lecture estim\u00e9e\" \/>\n\t<meta name=\"twitter:data1\" content=\"5 minutes\" \/>\n<script type=\"application\/ld+json\" class=\"yoast-schema-graph\">{\"@context\":\"https:\/\/schema.org\",\"@graph\":[{\"@type\":\"WebPage\",\"@id\":\"https:\/\/www.expertaccounting.ca\/faq\/\",\"url\":\"https:\/\/www.expertaccounting.ca\/faq\/\",\"name\":\"Foire aux questions - Comptabilit\u00e9 Expert\",\"isPartOf\":{\"@id\":\"https:\/\/www.expertaccounting.ca\/fr\/#website\"},\"datePublished\":\"2022-03-09T13:55:51+00:00\",\"dateModified\":\"2022-03-10T20:59:29+00:00\",\"breadcrumb\":{\"@id\":\"https:\/\/www.expertaccounting.ca\/faq\/#breadcrumb\"},\"inLanguage\":\"fr-FR\",\"potentialAction\":[{\"@type\":\"ReadAction\",\"target\":[\"https:\/\/www.expertaccounting.ca\/faq\/\"]}]},{\"@type\":\"BreadcrumbList\",\"@id\":\"https:\/\/www.expertaccounting.ca\/faq\/#breadcrumb\",\"itemListElement\":[{\"@type\":\"ListItem\",\"position\":1,\"name\":\"Home\",\"item\":\"https:\/\/www.expertaccounting.ca\/fr\/\"},{\"@type\":\"ListItem\",\"position\":2,\"name\":\"Foire aux questions\"}]},{\"@type\":\"WebSite\",\"@id\":\"https:\/\/www.expertaccounting.ca\/fr\/#website\",\"url\":\"https:\/\/www.expertaccounting.ca\/fr\/\",\"name\":\"Comptabilit\u00e9 Expert\",\"description\":\"Am\u00e9liorer la profitabilit\u00e9\",\"potentialAction\":[{\"@type\":\"SearchAction\",\"target\":{\"@type\":\"EntryPoint\",\"urlTemplate\":\"https:\/\/www.expertaccounting.ca\/fr\/?s={search_term_string}\"},\"query-input\":{\"@type\":\"PropertyValueSpecification\",\"valueRequired\":true,\"valueName\":\"search_term_string\"}}],\"inLanguage\":\"fr-FR\"}]}<\/script>\n<!-- \/ Yoast SEO plugin. -->","yoast_head_json":{"title":"Foire aux questions - Comptabilit\u00e9 Expert","robots":{"index":"index","follow":"follow","max-snippet":"max-snippet:-1","max-image-preview":"max-image-preview:large","max-video-preview":"max-video-preview:-1"},"canonical":"https:\/\/www.expertaccounting.ca\/faq\/","og_locale":"fr_FR","og_type":"article","og_title":"Foire aux questions - Comptabilit\u00e9 Expert","og_description":"[vc_section full_width=\u00a0\u00bbstretch_row\u00a0\u00bb content_placement=\u00a0\u00bbmiddle\u00a0\u00bb parallax=\u00a0\u00bbcontent-moving\u00a0\u00bb parallax_image=\u00a0\u00bb222&Prime; el_class=\u00a0\u00bbinner-hero-bg\u00a0\u00bb][\/vc_section]","og_url":"https:\/\/www.expertaccounting.ca\/faq\/","og_site_name":"Comptabilit\u00e9 Expert","article_modified_time":"2022-03-10T20:59:29+00:00","twitter_card":"summary_large_image","twitter_misc":{"Dur\u00e9e de lecture estim\u00e9e":"5 minutes"},"schema":{"@context":"https:\/\/schema.org","@graph":[{"@type":"WebPage","@id":"https:\/\/www.expertaccounting.ca\/faq\/","url":"https:\/\/www.expertaccounting.ca\/faq\/","name":"Foire aux questions - Comptabilit\u00e9 Expert","isPartOf":{"@id":"https:\/\/www.expertaccounting.ca\/fr\/#website"},"datePublished":"2022-03-09T13:55:51+00:00","dateModified":"2022-03-10T20:59:29+00:00","breadcrumb":{"@id":"https:\/\/www.expertaccounting.ca\/faq\/#breadcrumb"},"inLanguage":"fr-FR","potentialAction":[{"@type":"ReadAction","target":["https:\/\/www.expertaccounting.ca\/faq\/"]}]},{"@type":"BreadcrumbList","@id":"https:\/\/www.expertaccounting.ca\/faq\/#breadcrumb","itemListElement":[{"@type":"ListItem","position":1,"name":"Home","item":"https:\/\/www.expertaccounting.ca\/fr\/"},{"@type":"ListItem","position":2,"name":"Foire aux questions"}]},{"@type":"WebSite","@id":"https:\/\/www.expertaccounting.ca\/fr\/#website","url":"https:\/\/www.expertaccounting.ca\/fr\/","name":"Comptabilit\u00e9 Expert","description":"Am\u00e9liorer la profitabilit\u00e9","potentialAction":[{"@type":"SearchAction","target":{"@type":"EntryPoint","urlTemplate":"https:\/\/www.expertaccounting.ca\/fr\/?s={search_term_string}"},"query-input":{"@type":"PropertyValueSpecification","valueRequired":true,"valueName":"search_term_string"}}],"inLanguage":"fr-FR"}]}},"_links":{"self":[{"href":"https:\/\/www.expertaccounting.ca\/fr\/wp-json\/wp\/v2\/pages\/1051","targetHints":{"allow":["GET"]}}],"collection":[{"href":"https:\/\/www.expertaccounting.ca\/fr\/wp-json\/wp\/v2\/pages"}],"about":[{"href":"https:\/\/www.expertaccounting.ca\/fr\/wp-json\/wp\/v2\/types\/page"}],"author":[{"embeddable":true,"href":"https:\/\/www.expertaccounting.ca\/fr\/wp-json\/wp\/v2\/users\/6"}],"replies":[{"embeddable":true,"href":"https:\/\/www.expertaccounting.ca\/fr\/wp-json\/wp\/v2\/comments?post=1051"}],"version-history":[{"count":5,"href":"https:\/\/www.expertaccounting.ca\/fr\/wp-json\/wp\/v2\/pages\/1051\/revisions"}],"predecessor-version":[{"id":1186,"href":"https:\/\/www.expertaccounting.ca\/fr\/wp-json\/wp\/v2\/pages\/1051\/revisions\/1186"}],"wp:attachment":[{"href":"https:\/\/www.expertaccounting.ca\/fr\/wp-json\/wp\/v2\/media?parent=1051"}],"curies":[{"name":"wp","href":"https:\/\/api.w.org\/{rel}","templated":true}]}}