{"id":1058,"date":"2022-03-09T08:55:51","date_gmt":"2022-03-09T13:55:51","guid":{"rendered":"https:\/\/www.expertaccounting.ca\/?page_id=1058"},"modified":"2024-12-20T13:46:31","modified_gmt":"2024-12-20T18:46:31","slug":"contact","status":"publish","type":"page","link":"https:\/\/www.expertaccounting.ca\/fr\/contact\/","title":{"rendered":"Contact"},"content":{"rendered":"<div class=\"wpb-content-wrapper\"><p>[vc_section full_width=\u00a0\u00bbstretch_row\u00a0\u00bb content_placement=\u00a0\u00bbmiddle\u00a0\u00bb parallax=\u00a0\u00bbcontent-moving\u00a0\u00bb parallax_image=\u00a0\u00bb210&Prime; el_class=\u00a0\u00bbinner-hero-bg\u00a0\u00bb]<section class=\"vc_row wpb_row vc_row-fluid\"><div class=\"wpb_column vc_column_container vc_col-sm-6  col-xs-mobile-fullwidth\"><div class=\"vc_column-inner \"><div class=\"wpb_wrapper\"><\/div><\/div><\/div><div class=\"wpb_column vc_column_container vc_col-sm-6  col-xs-mobile-fullwidth\"><div class=\"vc_column-inner \"><div class=\"wpb_wrapper\"><div class=\"inner-hero last-paragraph-no-margin\"><h1 class=\"text-black alt-font font-weight-600 letter-spacing-minus-1 margin-10px-bottom\">Prenons <span style=\"color: #e01738 !important; font-weight: bold;\"><br \/>\ncontact<\/span><\/h1>\n<p>Notre mission est de vous aider \u00e0 d\u00e9velopper les comp\u00e9tences, la motivation, la responsabilit\u00e9 et la strat\u00e9gie n\u00e9cessaires \u00e0 la r\u00e9ussite de votre entreprise sur le march\u00e9 actuel.<\/p>\n<\/div><\/div><\/div><\/div><\/section>[\/vc_section]<section class=\"vc_row wpb_row vc_row-fluid contact-box\"><div class=\"wpb_column vc_column_container  col-xs-mobile-fullwidth\"><div class=\"vc_column-inner \"><div class=\"wpb_wrapper\"><div class=\"last-paragraph-no-margin\"><h4 style=\"color: #e01738; text-align: center; font-weight: bold;\">Pour plus d&rsquo;informations<\/h4>\n<\/div><\/div><\/div><\/div><div class=\"wpb_column vc_column_container vc_col-sm-3  col-xs-mobile-fullwidth\"><div class=\"vc_column-inner \"><div class=\"wpb_wrapper\"><\/div><\/div><\/div><div class=\"wpb_column vc_column_container vc_col-sm-3  col-xs-mobile-fullwidth wow fadeInUp\" data-wow-delay= 400ms><div class=\"vc_column-inner \"><div class=\"wpb_wrapper\"><div class=\"padding-50px-all md-padding-40px-all xs-padding-30px-all bg-white box-shadow featurebox23-1 featurebox23 pofo-featurebox  vc_custom_1645742166725\" ><div class=\"display-inline-block margin-40px-bottom xs-margin-30px-bottom padding-35px-all border-radius-100 bg-light-gray\" style=\"background-color:#9ba3a8; \"><i class=\"link-icon icon-chat icon-medium\"><\/i><\/div><div class=\"text-small alt-font text-medium-gray\" style=\"font-size: 12px; line-height: 20px; font-weight: 700; color: #232323;\" data-fontsize=\"12px\" data-lineheight=\"20px\">JASON GOOD<\/div><span class=\"alt-font text-extra-dark-gray font-weight-600 display-block margin-20px-bottom\" style=\"font-size: 12px; line-height: 20px; color: #232323;\" data-fontsize=\"12px\" data-lineheight=\"20px\">Directeur expert comptable<\/span><div class=\"last-paragraph-no-margin \"><div class=\"phone-info\"><a href=\"tel:18669565328\">1 (866) 956-5328<\/a><br \/>\n<a href=\"mailto:jgood@megagroup.ca\">jgood@megagroup.ca<\/a><\/div>\n<\/div><\/div><\/div><\/div><\/div><div class=\"wpb_column vc_column_container vc_col-sm-3  col-xs-mobile-fullwidth wow fadeInUp\" data-wow-delay= 200ms><div class=\"vc_column-inner \"><div class=\"wpb_wrapper\"><div class=\"padding-50px-all md-padding-40px-all xs-padding-30px-all bg-white box-shadow featurebox23-2 featurebox23 pofo-featurebox  vc_custom_1734720373367\" ><div class=\"display-inline-block margin-40px-bottom xs-margin-30px-bottom padding-35px-all border-radius-100 bg-light-gray\" style=\"background-color:#9ba3a8; \"><i class=\"link-icon icon-chat icon-medium\"><\/i><\/div><div class=\"text-small alt-font text-medium-gray\" style=\"font-size: 12px; line-height: 22px; font-weight: 700; color: #232323;\" data-fontsize=\"12px\" data-lineheight=\"22px\">LAURA MAGUIAM<\/div><span class=\"alt-font text-extra-dark-gray font-weight-600 display-block margin-20px-bottom\" style=\"font-size: 12px; line-height: 22px; color: #232323;\" data-fontsize=\"12px\" data-lineheight=\"22px\">Responsable d'\u00e9quipe<\/span><div class=\"last-paragraph-no-margin \"><div class=\"phone-info\"><a href=\"tel:+13069565315\">1 306-956-5315<\/a><br \/>\n<a href=\"mailto:lmaguiam@megagroup.ca\">lmaguiam@megagroup.ca<\/a><\/div>\n<\/div><\/div><\/div><\/div><\/div><\/section><section data-vc-full-width=\"true\" data-vc-full-width-init=\"false\" data-vc-stretch-content=\"true\" class=\"vc_row wpb_row vc_row-fluid  vc_custom_1579679814763 pofo-stretch-content vc_row-no-padding vc_row-o-equal-height vc_row-flex\"><div class=\"wpb_column vc_column_container vc_col-has-fill contact-img vc_col-sm-6  col-xs-mobile-fullwidth\"><div class=\"vc_column-inner vc_custom_1579700152139\"><div class=\"wpb_wrapper\"><\/div><\/div><\/div><div class=\"wpb_column vc_column_container vc_col-has-fill vc_col-sm-6  col-xs-mobile-fullwidth pofo-column-responsive-69ddf8c4c62be\"><div class=\"vc_column-inner vc_custom_1579700178728\"><div class=\"wpb_wrapper\"><div class=\"contact-info last-paragraph-no-margin\"><p style=\"text-align: center;\">Vous ne savez pas si nos services peuvent vous \u00eatre utiles ou vous aimeriez en apprendre davantage? Remplissez le formulaire ci-dessous et l\u2019un de nos repr\u00e9sentants vous contactera pour r\u00e9pondre \u00e0 toutes vos questions.<\/p>\n<h5 class=\"margin-55px-bottom text-white alt-font font-weight-700 text-uppercase xs-margin-ten-bottom\" style=\"text-align: center;\">Demandez une consultation<\/h5>\n<\/div>\n<div class=\"wpcf7 no-js\" id=\"wpcf7-f1167-o1\" lang=\"en-US\" dir=\"ltr\" data-wpcf7-id=\"1167\">\n<div class=\"screen-reader-response\"><p role=\"status\" aria-live=\"polite\" aria-atomic=\"true\"><\/p> <ul><\/ul><\/div>\n<form action=\"\/fr\/wp-json\/wp\/v2\/pages\/1058#wpcf7-f1167-o1\" method=\"post\" class=\"wpcf7-form init\" aria-label=\"Contact form\" novalidate=\"novalidate\" data-status=\"init\">\n<fieldset class=\"hidden-fields-container\"><input type=\"hidden\" name=\"_wpcf7\" value=\"1167\" \/><input type=\"hidden\" name=\"_wpcf7_version\" value=\"6.1.4\" \/><input type=\"hidden\" name=\"_wpcf7_locale\" value=\"en_US\" \/><input type=\"hidden\" name=\"_wpcf7_unit_tag\" value=\"wpcf7-f1167-o1\" \/><input type=\"hidden\" name=\"_wpcf7_container_post\" value=\"0\" \/><input type=\"hidden\" name=\"_wpcf7_posted_data_hash\" value=\"\" \/><input type=\"hidden\" name=\"_wpcf7_recaptcha_response\" value=\"\" \/>\n<\/fieldset>\n<p><label><span class=\"wpcf7-form-control-wrap\" data-name=\"your-name\"><input size=\"40\" maxlength=\"400\" class=\"wpcf7-form-control wpcf7-text wpcf7-validates-as-required\" aria-required=\"true\" aria-invalid=\"false\" placeholder=\"Pr\u00e9nom*\" value=\"\" type=\"text\" name=\"your-name\" \/><\/span> <\/label><br \/>\n<label><span class=\"wpcf7-form-control-wrap\" data-name=\"last-name\"><input size=\"40\" maxlength=\"400\" class=\"wpcf7-form-control wpcf7-text wpcf7-validates-as-required\" aria-required=\"true\" aria-invalid=\"false\" placeholder=\"Nom*\" value=\"\" type=\"text\" name=\"last-name\" \/><\/span> <\/label><br \/>\n<label><span class=\"wpcf7-form-control-wrap\" data-name=\"enterprise\"><input size=\"40\" maxlength=\"400\" class=\"wpcf7-form-control wpcf7-text wpcf7-validates-as-required\" aria-required=\"true\" aria-invalid=\"false\" placeholder=\"Compagnie*\" value=\"\" type=\"text\" name=\"enterprise\" \/><\/span> <\/label><br \/>\n<label><span class=\"wpcf7-form-control-wrap\" data-name=\"tel-818\"><input size=\"40\" maxlength=\"400\" class=\"wpcf7-form-control wpcf7-tel wpcf7-validates-as-required wpcf7-text wpcf7-validates-as-tel\" aria-required=\"true\" aria-invalid=\"false\" placeholder=\"T\u00e9l\u00e9phone*\" value=\"\" type=\"tel\" name=\"tel-818\" \/><\/span> <\/label><br \/>\n<label class=\"full-width\"><span class=\"wpcf7-form-control-wrap\" data-name=\"your-email\"><input size=\"40\" maxlength=\"400\" class=\"wpcf7-form-control wpcf7-email wpcf7-validates-as-required wpcf7-text wpcf7-validates-as-email\" aria-required=\"true\" aria-invalid=\"false\" placeholder=\"Courriel*\" value=\"\" type=\"email\" name=\"your-email\" \/><\/span> <\/label><br \/>\n<label class=\"full-width\"><span class=\"wpcf7-form-control-wrap\" data-name=\"your-message\"><textarea cols=\"40\" rows=\"10\" maxlength=\"2000\" class=\"wpcf7-form-control wpcf7-textarea\" aria-invalid=\"false\" placeholder=\"Message\" name=\"your-message\"><\/textarea><\/span> <\/label>\n<\/p>\n<div class=\"submit-btn\">\n\t<p><input class=\"wpcf7-form-control wpcf7-submit has-spinner\" type=\"submit\" value=\"Soumettre\" \/>\n\t<\/p>\n<\/div><div class=\"wpcf7-response-output\" aria-hidden=\"true\"><\/div>\n<\/form>\n<\/div>\n<\/div><\/div><\/div><\/section><div class=\"vc_row-full-width vc_clearfix\"><\/div>\n<\/div>","protected":false},"excerpt":{"rendered":"<p>[vc_section full_width=\u00a0\u00bbstretch_row\u00a0\u00bb content_placement=\u00a0\u00bbmiddle\u00a0\u00bb parallax=\u00a0\u00bbcontent-moving\u00a0\u00bb parallax_image=\u00a0\u00bb210&Prime; el_class=\u00a0\u00bbinner-hero-bg\u00a0\u00bb][\/vc_section]<\/p>\n","protected":false},"author":6,"featured_media":1190,"parent":0,"menu_order":0,"comment_status":"closed","ping_status":"closed","template":"","meta":{"footnotes":""},"class_list":["post-1058","page","type-page","status-publish","has-post-thumbnail","hentry"],"yoast_head":"<!-- This site is optimized with the Yoast SEO plugin v26.7 - https:\/\/yoast.com\/wordpress\/plugins\/seo\/ -->\n<title>Contact - Comptabilit\u00e9 Expert<\/title>\n<meta name=\"robots\" content=\"index, follow, max-snippet:-1, max-image-preview:large, max-video-preview:-1\" \/>\n<link rel=\"canonical\" href=\"https:\/\/www.expertaccounting.ca\/fr\/contact\/\" \/>\n<meta property=\"og:locale\" content=\"fr_FR\" \/>\n<meta property=\"og:type\" content=\"article\" \/>\n<meta property=\"og:title\" content=\"Contact - Comptabilit\u00e9 Expert\" \/>\n<meta property=\"og:description\" content=\"[vc_section full_width=\u00a0\u00bbstretch_row\u00a0\u00bb content_placement=\u00a0\u00bbmiddle\u00a0\u00bb parallax=\u00a0\u00bbcontent-moving\u00a0\u00bb parallax_image=\u00a0\u00bb210&Prime; el_class=\u00a0\u00bbinner-hero-bg\u00a0\u00bb][\/vc_section]\" \/>\n<meta property=\"og:url\" content=\"https:\/\/www.expertaccounting.ca\/fr\/contact\/\" \/>\n<meta property=\"og:site_name\" content=\"Comptabilit\u00e9 Expert\" \/>\n<meta property=\"article:modified_time\" content=\"2024-12-20T18:46:31+00:00\" \/>\n<meta property=\"og:image\" content=\"https:\/\/www.expertaccounting.ca\/wp-content\/uploads\/2022\/03\/title-contact-FR-1024x506-1.jpg\" \/>\n\t<meta property=\"og:image:width\" content=\"1024\" \/>\n\t<meta property=\"og:image:height\" content=\"506\" \/>\n\t<meta property=\"og:image:type\" content=\"image\/jpeg\" \/>\n<meta name=\"twitter:card\" content=\"summary_large_image\" \/>\n<meta name=\"twitter:label1\" content=\"Dur\u00e9e de lecture estim\u00e9e\" \/>\n\t<meta name=\"twitter:data1\" content=\"2 minutes\" \/>\n<script type=\"application\/ld+json\" class=\"yoast-schema-graph\">{\"@context\":\"https:\/\/schema.org\",\"@graph\":[{\"@type\":\"WebPage\",\"@id\":\"https:\/\/www.expertaccounting.ca\/fr\/contact\/\",\"url\":\"https:\/\/www.expertaccounting.ca\/fr\/contact\/\",\"name\":\"Contact - Comptabilit\u00e9 Expert\",\"isPartOf\":{\"@id\":\"https:\/\/www.expertaccounting.ca\/fr\/#website\"},\"primaryImageOfPage\":{\"@id\":\"https:\/\/www.expertaccounting.ca\/fr\/contact\/#primaryimage\"},\"image\":{\"@id\":\"https:\/\/www.expertaccounting.ca\/fr\/contact\/#primaryimage\"},\"thumbnailUrl\":\"https:\/\/www.expertaccounting.ca\/wp-content\/uploads\/2022\/03\/title-contact-FR-1024x506-1.jpg\",\"datePublished\":\"2022-03-09T13:55:51+00:00\",\"dateModified\":\"2024-12-20T18:46:31+00:00\",\"breadcrumb\":{\"@id\":\"https:\/\/www.expertaccounting.ca\/fr\/contact\/#breadcrumb\"},\"inLanguage\":\"fr-FR\",\"potentialAction\":[{\"@type\":\"ReadAction\",\"target\":[\"https:\/\/www.expertaccounting.ca\/fr\/contact\/\"]}]},{\"@type\":\"ImageObject\",\"inLanguage\":\"fr-FR\",\"@id\":\"https:\/\/www.expertaccounting.ca\/fr\/contact\/#primaryimage\",\"url\":\"https:\/\/www.expertaccounting.ca\/wp-content\/uploads\/2022\/03\/title-contact-FR-1024x506-1.jpg\",\"contentUrl\":\"https:\/\/www.expertaccounting.ca\/wp-content\/uploads\/2022\/03\/title-contact-FR-1024x506-1.jpg\",\"width\":1024,\"height\":506},{\"@type\":\"BreadcrumbList\",\"@id\":\"https:\/\/www.expertaccounting.ca\/fr\/contact\/#breadcrumb\",\"itemListElement\":[{\"@type\":\"ListItem\",\"position\":1,\"name\":\"Home\",\"item\":\"https:\/\/www.expertaccounting.ca\/fr\/\"},{\"@type\":\"ListItem\",\"position\":2,\"name\":\"Contact\"}]},{\"@type\":\"WebSite\",\"@id\":\"https:\/\/www.expertaccounting.ca\/fr\/#website\",\"url\":\"https:\/\/www.expertaccounting.ca\/fr\/\",\"name\":\"Comptabilit\u00e9 Expert\",\"description\":\"Am\u00e9liorer la profitabilit\u00e9\",\"potentialAction\":[{\"@type\":\"SearchAction\",\"target\":{\"@type\":\"EntryPoint\",\"urlTemplate\":\"https:\/\/www.expertaccounting.ca\/fr\/?s={search_term_string}\"},\"query-input\":{\"@type\":\"PropertyValueSpecification\",\"valueRequired\":true,\"valueName\":\"search_term_string\"}}],\"inLanguage\":\"fr-FR\"}]}<\/script>\n<!-- \/ Yoast SEO plugin. -->","yoast_head_json":{"title":"Contact - Comptabilit\u00e9 Expert","robots":{"index":"index","follow":"follow","max-snippet":"max-snippet:-1","max-image-preview":"max-image-preview:large","max-video-preview":"max-video-preview:-1"},"canonical":"https:\/\/www.expertaccounting.ca\/fr\/contact\/","og_locale":"fr_FR","og_type":"article","og_title":"Contact - Comptabilit\u00e9 Expert","og_description":"[vc_section full_width=\u00a0\u00bbstretch_row\u00a0\u00bb content_placement=\u00a0\u00bbmiddle\u00a0\u00bb parallax=\u00a0\u00bbcontent-moving\u00a0\u00bb parallax_image=\u00a0\u00bb210&Prime; el_class=\u00a0\u00bbinner-hero-bg\u00a0\u00bb][\/vc_section]","og_url":"https:\/\/www.expertaccounting.ca\/fr\/contact\/","og_site_name":"Comptabilit\u00e9 Expert","article_modified_time":"2024-12-20T18:46:31+00:00","og_image":[{"width":1024,"height":506,"url":"https:\/\/www.expertaccounting.ca\/wp-content\/uploads\/2022\/03\/title-contact-FR-1024x506-1.jpg","type":"image\/jpeg"}],"twitter_card":"summary_large_image","twitter_misc":{"Dur\u00e9e de lecture estim\u00e9e":"2 minutes"},"schema":{"@context":"https:\/\/schema.org","@graph":[{"@type":"WebPage","@id":"https:\/\/www.expertaccounting.ca\/fr\/contact\/","url":"https:\/\/www.expertaccounting.ca\/fr\/contact\/","name":"Contact - Comptabilit\u00e9 Expert","isPartOf":{"@id":"https:\/\/www.expertaccounting.ca\/fr\/#website"},"primaryImageOfPage":{"@id":"https:\/\/www.expertaccounting.ca\/fr\/contact\/#primaryimage"},"image":{"@id":"https:\/\/www.expertaccounting.ca\/fr\/contact\/#primaryimage"},"thumbnailUrl":"https:\/\/www.expertaccounting.ca\/wp-content\/uploads\/2022\/03\/title-contact-FR-1024x506-1.jpg","datePublished":"2022-03-09T13:55:51+00:00","dateModified":"2024-12-20T18:46:31+00:00","breadcrumb":{"@id":"https:\/\/www.expertaccounting.ca\/fr\/contact\/#breadcrumb"},"inLanguage":"fr-FR","potentialAction":[{"@type":"ReadAction","target":["https:\/\/www.expertaccounting.ca\/fr\/contact\/"]}]},{"@type":"ImageObject","inLanguage":"fr-FR","@id":"https:\/\/www.expertaccounting.ca\/fr\/contact\/#primaryimage","url":"https:\/\/www.expertaccounting.ca\/wp-content\/uploads\/2022\/03\/title-contact-FR-1024x506-1.jpg","contentUrl":"https:\/\/www.expertaccounting.ca\/wp-content\/uploads\/2022\/03\/title-contact-FR-1024x506-1.jpg","width":1024,"height":506},{"@type":"BreadcrumbList","@id":"https:\/\/www.expertaccounting.ca\/fr\/contact\/#breadcrumb","itemListElement":[{"@type":"ListItem","position":1,"name":"Home","item":"https:\/\/www.expertaccounting.ca\/fr\/"},{"@type":"ListItem","position":2,"name":"Contact"}]},{"@type":"WebSite","@id":"https:\/\/www.expertaccounting.ca\/fr\/#website","url":"https:\/\/www.expertaccounting.ca\/fr\/","name":"Comptabilit\u00e9 Expert","description":"Am\u00e9liorer la profitabilit\u00e9","potentialAction":[{"@type":"SearchAction","target":{"@type":"EntryPoint","urlTemplate":"https:\/\/www.expertaccounting.ca\/fr\/?s={search_term_string}"},"query-input":{"@type":"PropertyValueSpecification","valueRequired":true,"valueName":"search_term_string"}}],"inLanguage":"fr-FR"}]}},"_links":{"self":[{"href":"https:\/\/www.expertaccounting.ca\/fr\/wp-json\/wp\/v2\/pages\/1058","targetHints":{"allow":["GET"]}}],"collection":[{"href":"https:\/\/www.expertaccounting.ca\/fr\/wp-json\/wp\/v2\/pages"}],"about":[{"href":"https:\/\/www.expertaccounting.ca\/fr\/wp-json\/wp\/v2\/types\/page"}],"author":[{"embeddable":true,"href":"https:\/\/www.expertaccounting.ca\/fr\/wp-json\/wp\/v2\/users\/6"}],"replies":[{"embeddable":true,"href":"https:\/\/www.expertaccounting.ca\/fr\/wp-json\/wp\/v2\/comments?post=1058"}],"version-history":[{"count":10,"href":"https:\/\/www.expertaccounting.ca\/fr\/wp-json\/wp\/v2\/pages\/1058\/revisions"}],"predecessor-version":[{"id":1732,"href":"https:\/\/www.expertaccounting.ca\/fr\/wp-json\/wp\/v2\/pages\/1058\/revisions\/1732"}],"wp:featuredmedia":[{"embeddable":true,"href":"https:\/\/www.expertaccounting.ca\/fr\/wp-json\/wp\/v2\/media\/1190"}],"wp:attachment":[{"href":"https:\/\/www.expertaccounting.ca\/fr\/wp-json\/wp\/v2\/media?parent=1058"}],"curies":[{"name":"wp","href":"https:\/\/api.w.org\/{rel}","templated":true}]}}