{"id":959,"date":"2022-03-09T08:55:32","date_gmt":"2022-03-09T13:55:32","guid":{"rendered":"https:\/\/www.expertaccounting.ca\/?page_id=959"},"modified":"2025-01-24T07:13:24","modified_gmt":"2025-01-24T12:13:24","slug":"accueil","status":"publish","type":"page","link":"https:\/\/www.expertaccounting.ca\/fr\/","title":{"rendered":"Accueil"},"content":{"rendered":"<div class=\"wpb-content-wrapper\"><section data-vc-full-width=\"true\" data-vc-full-width-init=\"false\" data-vc-stretch-content=\"true\" class=\"vc_row wpb_row vc_row-fluid  vc_custom_1579713215629 pofo-stretch-content vc_row-no-padding\"><div class=\"wpb_column vc_column_container vc_col-sm-12  col-xs-mobile-fullwidth\"><div class=\"vc_column-inner \"><div class=\"wpb_wrapper\"><div id=\"pofo-image-slider-1\" class=\"swiper-container width-100 swiper-container-horizontal pofo-image-style2 pofo-image-slider-1  no-move home-slider pofo-slider2 pofo-slider2-1\"><div class=\"swiper-wrapper\"><div class=\"swiper-slide cover-background bg-image-srcset\" style=\"background-image:url(https:\/\/www.expertaccounting.ca\/wp-content\/uploads\/2020\/01\/banner-image1.jpg)\" data-bg-srcset=\"https:\/\/www.expertaccounting.ca\/wp-content\/uploads\/2020\/01\/banner-image1.jpg 2500w, https:\/\/www.expertaccounting.ca\/wp-content\/uploads\/2020\/01\/banner-image1-300x148.jpg 300w, https:\/\/www.expertaccounting.ca\/wp-content\/uploads\/2020\/01\/banner-image1-1024x506.jpg 1024w, https:\/\/www.expertaccounting.ca\/wp-content\/uploads\/2020\/01\/banner-image1-768x380.jpg 768w, https:\/\/www.expertaccounting.ca\/wp-content\/uploads\/2020\/01\/banner-image1-1536x759.jpg 1536w, https:\/\/www.expertaccounting.ca\/wp-content\/uploads\/2020\/01\/banner-image1-2048x1013.jpg 2048w, https:\/\/www.expertaccounting.ca\/wp-content\/uploads\/2020\/01\/banner-image1-1200x593.jpg 1200w, https:\/\/www.expertaccounting.ca\/wp-content\/uploads\/2020\/01\/banner-image1-81x40.jpg 81w\"><div class=\"bg-extra-dark-gray bg-overlay\" style=\"opacity:0;\"><\/div><div class=\"container position-relative xs-height-400px height-100\"><div class=\"slider-typography text-center\"><div class=\"slider-text-middle-main\"><div class=\"slider-text-middle\"><div class=\"text-large text-very-light-gray font-weight-300 width-95 center-col margin-25px-bottom xs-margin-15px-bottom display-block last-paragraph-no-margin\"><h1>Am\u00e9liorer<span>la profitabilit\u00e9<\/span><\/h1>\n<p>En nous concentrant sur les domaines cl\u00e9s de votre activit\u00e9, nous pouvons am\u00e9liorer la rentabilit\u00e9 de vos op\u00e9rations.<\/p>\n<\/div><div class=\"btn-dual\"><a class=\"btn btn-white btn-rounded btn-medium xs-margin-two-all first-btn section-link\" href=\"\/fr\/nos-services\/\">En savoir plus<\/a><a class=\"btn btn-white btn-rounded btn-medium xs-margin-two-all second-btn\" href=\"\/fr\/contact\/\" target=\"_self\">Contactez nous<\/a><\/div><\/div><\/div><\/div><\/div><\/div><div class=\"swiper-slide cover-background bg-image-srcset\" style=\"background-image:url(https:\/\/www.expertaccounting.ca\/wp-content\/uploads\/2020\/01\/banner-image2-3.jpg)\" data-bg-srcset=\"https:\/\/www.expertaccounting.ca\/wp-content\/uploads\/2020\/01\/banner-image2-3.jpg 2500w, https:\/\/www.expertaccounting.ca\/wp-content\/uploads\/2020\/01\/banner-image2-3-300x148.jpg 300w, https:\/\/www.expertaccounting.ca\/wp-content\/uploads\/2020\/01\/banner-image2-3-1024x506.jpg 1024w, https:\/\/www.expertaccounting.ca\/wp-content\/uploads\/2020\/01\/banner-image2-3-768x380.jpg 768w, https:\/\/www.expertaccounting.ca\/wp-content\/uploads\/2020\/01\/banner-image2-3-1536x759.jpg 1536w, https:\/\/www.expertaccounting.ca\/wp-content\/uploads\/2020\/01\/banner-image2-3-2048x1013.jpg 2048w, https:\/\/www.expertaccounting.ca\/wp-content\/uploads\/2020\/01\/banner-image2-3-1200x593.jpg 1200w, https:\/\/www.expertaccounting.ca\/wp-content\/uploads\/2020\/01\/banner-image2-3-81x40.jpg 81w\"><div class=\"bg-extra-dark-gray bg-overlay\" style=\"opacity:0;\"><\/div><div class=\"container position-relative xs-height-400px height-100\"><div class=\"slider-typography text-center\"><div class=\"slider-text-middle-main\"><div class=\"slider-text-middle\"><div class=\"text-large text-very-light-gray font-weight-300 width-95 center-col margin-25px-bottom xs-margin-15px-bottom display-block last-paragraph-no-margin\"><h1>D\u00e9velopper<span>votre <strong>entreprise<\/strong><\/span><\/h1>\n<p>Gr\u00e2ce \u00e0 l'examen continu de rapports financiers fiables et pr\u00e9cis, vous disposerez des outils n\u00e9cessaires pour prendre des d\u00e9cisions strat\u00e9giques au sein de votre entreprise.<\/p>\n<\/div><div class=\"btn-dual\"><a class=\"btn btn-white btn-rounded btn-medium xs-margin-two-all first-btn section-link\" href=\"\/fr\/nos-services\/\">En savoir plus<\/a><a class=\"btn btn-white btn-rounded btn-medium xs-margin-two-all second-btn\" href=\"\/fr\/contact\/\" target=\"_self\">Contactez nous<\/a><\/div><\/div><\/div><\/div><\/div><\/div><div class=\"swiper-slide cover-background bg-image-srcset\" style=\"background-image:url(https:\/\/www.expertaccounting.ca\/wp-content\/uploads\/2020\/01\/banner-image3.jpg)\" data-bg-srcset=\"https:\/\/www.expertaccounting.ca\/wp-content\/uploads\/2020\/01\/banner-image3.jpg 2500w, https:\/\/www.expertaccounting.ca\/wp-content\/uploads\/2020\/01\/banner-image3-300x148.jpg 300w, https:\/\/www.expertaccounting.ca\/wp-content\/uploads\/2020\/01\/banner-image3-1024x506.jpg 1024w, https:\/\/www.expertaccounting.ca\/wp-content\/uploads\/2020\/01\/banner-image3-768x380.jpg 768w, https:\/\/www.expertaccounting.ca\/wp-content\/uploads\/2020\/01\/banner-image3-1536x759.jpg 1536w, https:\/\/www.expertaccounting.ca\/wp-content\/uploads\/2020\/01\/banner-image3-2048x1013.jpg 2048w, https:\/\/www.expertaccounting.ca\/wp-content\/uploads\/2020\/01\/banner-image3-1200x593.jpg 1200w, https:\/\/www.expertaccounting.ca\/wp-content\/uploads\/2020\/01\/banner-image3-81x40.jpg 81w\"><div class=\"bg-extra-dark-gray bg-overlay\" style=\"opacity:0;\"><\/div><div class=\"container position-relative xs-height-400px height-100\"><div class=\"slider-typography text-center\"><div class=\"slider-text-middle-main\"><div class=\"slider-text-middle\"><div class=\"text-large text-very-light-gray font-weight-300 width-95 center-col margin-25px-bottom xs-margin-15px-bottom display-block last-paragraph-no-margin\"><h1>Gagnez <span>du <strong>temps<\/strong><\/span><\/h1>\n<p>Notre solution cl\u00e9 en main pour vos rapports financiers vous permettra de consacrer plus de temps \u00e0 votre entreprise.<\/p>\n<\/div><div class=\"btn-dual\"><a class=\"btn btn-white btn-rounded btn-medium xs-margin-two-all first-btn section-link\" href=\"\/fr\/nos-services\/\">En savoir plus<\/a><a class=\"btn btn-white btn-rounded btn-medium xs-margin-two-all second-btn\" href=\"\/fr\/contact\/\" target=\"_self\">Contactez nous<\/a><\/div><\/div><\/div><\/div><\/div><\/div><\/div><div class=\"swiper-pagination  swiper-pagination-black swiper-pagination-1\"><\/div><div class=\"swiper-button-next swiper-next-1 swiper-button-black-highlight\"><\/div>\n                                        <div class=\"swiper-button-prev swiper-prev-1 swiper-button-black-highlight\"><\/div><\/div><\/div><\/div><\/div><\/section><div class=\"vc_row-full-width vc_clearfix\"><\/div><section id=\"about\" data-vc-full-width=\"true\" data-vc-full-width-init=\"false\" class=\"vc_row wpb_row vc_row-fluid   pofo-stretch-content pofo-stretch-row-container\"><div class=\"wpb_column vc_column_container vc_col-sm-12  col-xs-mobile-fullwidth\"><div class=\"vc_column-inner \"><div class=\"wpb_wrapper\"><div class=\"last-paragraph-no-margin\"><h5 class=\"font-weight-300 text-extra-dark-gray\" style=\"text-align: center;\">Nos services<\/h5>\n<\/div><div class=\"vc_row wpb_row vc_inner vc_row-fluid  vc_custom_1577358879755\"><div class=\"wpb_column vc_column_container vc_col-sm-4  col-xs-mobile-fullwidth wow fadeInUp xs-text-center pofo-column-responsive-69eccc84d16bc\"><div class=\"vc_column-inner \"><div class=\"wpb_wrapper\"><div class=\"featurebox2 pofo-featurebox featurebox2-1\" ><div class=\"col-md-3 col-sm-4 col-xs-12 no-padding-left xs-no-padding-right pull-left\"><i class=\"link-icon text-medium-gray xs-margin-15px-bottom position-relative top-minus2 icon-notebook icon-extra-medium\"><\/i><span class=\"separator-line-verticle-large margin-ten-right bg-deep-pink vertical-align-top pull-right margin-two-top hidden-xs\" style=\"background:#232323; \"><\/span><\/div><div class=\"col-md-9 col-sm-8 col-xs-12 sm-no-padding-lr\"><span class=\"text-medium margin-10px-bottom text-extra-dark-gray alt-font display-block\">Tenue de livres<\/span><div class=\"width-90 md-width-100 last-paragraph-no-margin\"><p>Vous n\u2019avez pas besoin d\u2019engager un commis comptable en magasin. Notre \u00e9quipe de sp\u00e9cialistes effectuera une tenue de livres efficace et vous fournira des rapports financiers rigoureux sur une base r\u00e9guli\u00e8re.<\/p>\n<\/div><\/div><\/div><a  href=\"\/fr\/nos-services\/\" target=\"_self\" class=\"btn pofo-button-1 button-style7  btn-transparent-dark-gray btn-rounded  btn-small   vc_custom_1646945253382 pofo-button-responsive-69eccc84d1856\"  style=\"color:#ffffff;  border-color:#e01738; \">En savoir plus<\/a><\/div><\/div><\/div><div class=\"wpb_column vc_column_container vc_col-sm-4  col-xs-mobile-fullwidth wow fadeInUp xs-text-center pofo-column-responsive-69eccc84d18c0\" data-wow-delay= 200ms><div class=\"vc_column-inner \"><div class=\"wpb_wrapper\"><div class=\"featurebox2 pofo-featurebox featurebox2-2\" ><div class=\"col-md-3 col-sm-4 col-xs-12 no-padding-left xs-no-padding-right pull-left\"><i class=\"link-icon text-medium-gray xs-margin-15px-bottom position-relative top-minus2 icon-grid icon-extra-medium\"><\/i><span class=\"separator-line-verticle-large margin-ten-right bg-deep-pink vertical-align-top pull-right margin-two-top hidden-xs\" style=\"background:#232323; \"><\/span><\/div><div class=\"col-md-9 col-sm-8 col-xs-12 sm-no-padding-lr\"><span class=\"text-medium margin-10px-bottom text-extra-dark-gray alt-font display-block\">Comptabilit\u00e9<\/span><div class=\"width-90 md-width-100 last-paragraph-no-margin\"><p>Gr\u00e2ce \u00e0 des analyses et des rapprochements de comptes pr\u00e9cis, nos experts-comptables vous apporteront un soutien adapt\u00e9 \u00e0 votre entreprise pour vous aider \u00e0 prendre des d\u00e9cisions importantes.<\/p>\n<\/div><\/div><\/div><a  href=\"\/fr\/nos-services\/\" target=\"_self\" class=\"btn pofo-button-2 button-style7  btn-transparent-dark-gray btn-rounded  btn-small   vc_custom_1646945261377 pofo-button-responsive-69eccc84d19e4\"  style=\"color:#ffffff;  border-color:#e01738; \">En savoir plus<\/a><\/div><\/div><\/div><div class=\"wpb_column vc_column_container vc_col-sm-4  col-xs-mobile-fullwidth wow fadeInUp xs-text-center\" data-wow-delay= 400ms><div class=\"vc_column-inner \"><div class=\"wpb_wrapper\"><div class=\"featurebox2 pofo-featurebox featurebox2-3\" ><div class=\"col-md-3 col-sm-4 col-xs-12 no-padding-left xs-no-padding-right pull-left\"><i class=\"link-icon text-medium-gray xs-margin-15px-bottom position-relative top-minus2 icon-briefcase icon-extra-medium\"><\/i><span class=\"separator-line-verticle-large margin-ten-right bg-deep-pink vertical-align-top pull-right margin-two-top hidden-xs\" style=\"background:#232323; \"><\/span><\/div><div class=\"col-md-9 col-sm-8 col-xs-12 sm-no-padding-lr\"><span class=\"text-medium margin-10px-bottom text-extra-dark-gray alt-font display-block\">Services de conseils aux entreprises<\/span><div class=\"width-90 md-width-100 last-paragraph-no-margin\"><p>Gr\u00e2ce \u00e0 leurs vastes connaissances et \u00e0 leur exp\u00e9rience de l&rsquo;industrie, les membres de notre \u00e9quipe chevronn\u00e9e vous aideront \u00e0 mieux comprendre vos activit\u00e9s, ce qui permettra une planification strat\u00e9gique et une croissance soutenue.<\/p>\n<\/div><\/div><\/div><a  href=\"\/fr\/nos-services\/\" target=\"_self\" class=\"btn pofo-button-3 button-style7  btn-transparent-dark-gray btn-rounded  btn-small   vc_custom_1646945269554 pofo-button-responsive-69eccc84d1b0f\"  style=\"color:#ffffff;  border-color:#e01738; \">En savoir plus<\/a><\/div><\/div><\/div><\/div><\/div><\/div><\/div><\/section><div class=\"vc_row-full-width vc_clearfix\"><\/div><section data-vc-full-width=\"true\" data-vc-full-width-init=\"false\" class=\"vc_row wpb_row vc_row-fluid  vc_custom_1577355297712 bg-position-center-center wow fadeInUp vc_row-has-fill pofo-stretch-content pofo-stretch-row-container pofo-row-responsive-69eccc84d1b99\"><div class=\"wpb_column vc_column_container vc_col-sm-12 vc_col-lg-offset-6 vc_col-lg-6 vc_col-md-offset-6 vc_col-md-6 vc_col-sm-offset-0 col-xs-mobile-fullwidth wow fadeInUp sm-text-center xs-text-center\" data-wow-delay= 600ms><div class=\"vc_column-inner \"><div class=\"wpb_wrapper\"><div class=\"last-paragraph-no-margin\" style=\"color: #666666;\"><h5 class=\"alt-font text-extra-dark-gray font-weight-600\">Pourquoi nous choisir<\/h5>\n<p>Vous \u00eates pr\u00eat \u00e0 faire progresser votre entreprise, mais vous n&rsquo;avez pas l&rsquo;exp\u00e9rience financi\u00e8re ou comptable n\u00e9cessaire pour prendre une d\u00e9cision \u00e9clair\u00e9e sur la prochaine \u00e9tape?<\/p>\n<p>Chez Comptabilit\u00e9 Expert, nous travaillons de mani\u00e8re strat\u00e9gique avec les d\u00e9taillants ind\u00e9pendants en leur fournissant des rapports financiers pertinents, pr\u00e9cis et en temps utile. En s&rsquo;appuyant sur les analyses et les indicateurs de performance de l\u2019industrie, nos experts en comptabilit\u00e9 et en commerce de d\u00e9tail travaillent avec vous pour atteindre des objectifs sp\u00e9cifiques et faire \u00e9voluer votre entreprise, la faisant passer de bonne \u00e0 excellente.<\/p>\n<\/div><a  href=\"\/fr\/pourquoi-nous-choisir\/\" target=\"_self\" class=\"btn pofo-button-4 button-style7  btn-transparent-dark-gray btn-rounded  btn-small   vc_custom_1646945283790\"  style=\"color:#ffffff;  border-color:#e01738; \">En savoir plus<\/a><\/div><\/div><\/div><\/section><div class=\"vc_row-full-width vc_clearfix\"><\/div><section data-vc-full-width=\"true\" data-vc-full-width-init=\"false\" class=\"vc_row wpb_row vc_row-fluid skill-set vc_custom_1579522819183 wow fadeIn vc_row-has-fill pofo-stretch-content pofo-stretch-row-container\"><div class=\"wpb_column vc_column_container vc_col-sm-4  col-xs-mobile-fullwidth wow fadeInRight pofo-column-responsive-69eccc84d1e27\"><div class=\"vc_column-inner \"><div class=\"wpb_wrapper\"><div class=\"wow none counter-style counter-style2 feature-box-5 position-relative counter-style2-1\"><i class=\"text-medium-gray link-icon top-6 icon-happy icon-extra-medium\"><\/i><div class=\"feature-content\"><h5 data-postfix=\"\" data-to=\"89\" data-speed=\"2000\" class=\"text-extra-dark-gray font-weight-300 no-margin-bottom timer alt-font\"  style=\"font-size: 25px; line-height: 26px; font-weight: 600;\" data-fontsize=\"25px\" data-lineheight=\"26px\">89<\/h5><span class=\"text-small display-block text-medium-gray\"  style=\"color: #666666;\">DE NOS CLIENTS SONT TR\u00c8S SATISFAITS DE NOS SERVICES<\/span><\/div><\/div><\/div><\/div><\/div><div class=\"wpb_column vc_column_container vc_col-sm-4  col-xs-mobile-fullwidth wow fadeInRight pofo-column-responsive-69eccc84d1f56\" data-wow-delay= 200ms><div class=\"vc_column-inner \"><div class=\"wpb_wrapper\"><div class=\"wow none counter-style counter-style2 feature-box-5 position-relative counter-style2-2\"><i class=\"text-medium-gray link-icon top-6 icon-profile-male icon-extra-medium\"><\/i><div class=\"feature-content\"><h5 data-postfix=\"\" data-to=\"90\" data-speed=\"2000\" class=\"text-extra-dark-gray font-weight-300 no-margin-bottom timer alt-font\"  style=\"font-size: 25px; line-height: 26px; font-weight: 600;\" data-fontsize=\"25px\" data-lineheight=\"26px\">90<\/h5><span class=\"text-small display-block text-medium-gray\"  style=\"color: #666666;\">DE NOS CLIENTS RECOMMANDERAIENT NOS SERVICES \u00c0 UN AUTRE D\u00c9TAILLANT OU \u00c0 UN AMI<\/span><\/div><\/div><\/div><\/div><\/div><div class=\"wpb_column vc_column_container vc_col-sm-4  col-xs-mobile-fullwidth wow fadeInRight pofo-column-responsive-69eccc84d2032\" data-wow-delay= 400ms><div class=\"vc_column-inner \"><div class=\"wpb_wrapper\"><div class=\"wow none counter-style counter-style2 feature-box-5 position-relative counter-style2-3\"><i class=\"text-medium-gray link-icon top-6 icon-gears icon-extra-medium\"><\/i><div class=\"feature-content\"><h5 data-postfix=\"\" data-to=\"88\" data-speed=\"2000\" class=\"text-extra-dark-gray font-weight-300 no-margin-bottom timer alt-font\"  style=\"font-size: 25px; line-height: 26px; font-weight: 600;\" data-fontsize=\"25px\" data-lineheight=\"26px\">88<\/h5><span class=\"text-small display-block text-medium-gray\"  style=\"color: #666666;\">DE NOS CLIENTS DISENT \u00caTRE DEVENUS DE MEILLEURS GESTIONNAIRES D'ENTREPRISE GR\u00c2CE \u00c0 NOS SERVICES<\/span><\/div><\/div><\/div><\/div><\/div><\/section><div class=\"vc_row-full-width vc_clearfix\"><\/div><section data-vc-full-width=\"true\" data-vc-full-width-init=\"false\" data-stellar-background-ratio=\"0.5\" class=\"vc_row wpb_row vc_row-fluid  vc_custom_1579752109554 vc_row-has-fill pofo-stretch-content pofo-stretch-row-container vc_row-o-content-middle vc_row-flex parallax pofo-row-responsive-69eccc84d213f\"><div class=\"bg-extra-dark-gray bg-overlay\" style=\"opacity:0.9; background-color:#1c1c1c; \"><\/div><div class=\"wpb_column vc_column_container vc_col-sm-12  col-xs-mobile-fullwidth text-center\"><div class=\"vc_column-inner \"><div class=\"wpb_wrapper\"><div class=\"last-paragraph-no-margin\" style=\"color: #ffffff;\"><h5 class=\"alt-font font-weight-600\">Travaillons ensemble<\/h5>\n<p>Nous comprenons la complexit\u00e9 de la gestion d&rsquo;une entreprise dans le contexte concurrentiel et en constante \u00e9volution de la vente au d\u00e9tail. Partag\u00e9 entre les ventes, les finances, les op\u00e9rations et les ressources humaines, il devient de plus en plus difficile de savoir o\u00f9 investir son pr\u00e9cieux temps.<\/p>\n<p>En vous associant \u00e0 nous, vous pourrez mieux g\u00e9rer vos finances, r\u00e9soudre les probl\u00e8mes les plus difficiles de votre entreprise et vous concentrer sur d&rsquo;autres aspects de votre activit\u00e9 pour atteindre vos objectifs.<\/p>\n<\/div><a  href=\"\/fr\/contact\" target=\"_self\" class=\"btn pofo-button-5 button-style7  btn-transparent-dark-gray btn-rounded  btn-small   vc_custom_1646945303621\"  style=\"color:#ffffff;  border-color:#e01738; \">Contactez nous<\/a><\/div><\/div><\/div><\/section><div class=\"vc_row-full-width vc_clearfix\"><\/div>\n<\/div>","protected":false},"excerpt":{"rendered":"Am\u00e9liorerla profitabilit\u00e9 En nous concentrant sur les domaines cl\u00e9s de votre activit\u00e9, nous pouvons am\u00e9liorer la rentabilit\u00e9 de vos op\u00e9rations. En savoir plusContactez nousD\u00e9veloppervotre entreprise Gr\u00e2ce \u00e0 l'examen continu de rapports financiers fiables et pr\u00e9cis, vous disposerez des outils n\u00e9cessaires pour prendre des d\u00e9cisions strat\u00e9giques au sein de votre entreprise. En savoir plusContactez nousGagnez du temps Notre solution cl\u00e9 en main pour vos rapports financiers vous permettra de consacrer plus de temps \u00e0 votre entreprise. En savoir plusContactez nous Nos services Tenue de livresVous n\u2019avez pas besoin d\u2019engager un commis comptable en magasin. Notre \u00e9quipe de sp\u00e9cialistes effectuera une tenue de livres efficace et vous fournira des rapports financiers rigoureux sur une base r\u00e9guli\u00e8re. En savoir plusComptabilit\u00e9Gr\u00e2ce \u00e0 des analyses et des rapprochements de comptes pr\u00e9cis, nos experts-comptables vous apporteront un soutien adapt\u00e9 \u00e0 votre entreprise pour vous aider \u00e0 prendre des d\u00e9cisions importantes. En savoir plusServices de conseils aux entreprisesGr\u00e2ce \u00e0 leurs vastes connaissances et \u00e0 leur exp\u00e9rience de l'industrie, les membres de notre \u00e9quipe chevronn\u00e9e vous aideront \u00e0 mieux comprendre vos activit\u00e9s, ce qui permettra une planification strat\u00e9gique et une croissance soutenue. En savoir plusPourquoi nous choisir Vous \u00eates pr\u00eat \u00e0 faire progresser votre entreprise, mais vous n'avez...","protected":false},"author":1,"featured_media":0,"parent":0,"menu_order":0,"comment_status":"closed","ping_status":"closed","template":"","meta":{"footnotes":""},"class_list":["post-959","page","type-page","status-publish","hentry"],"yoast_head":"<!-- This site is optimized with the Yoast SEO plugin v26.7 - https:\/\/yoast.com\/wordpress\/plugins\/seo\/ -->\n<title>Comptabilit\u00e9 Expert - Am\u00e9liorer la profitabilit\u00e9<\/title>\n<meta name=\"description\" content=\"Am\u00e9liorez votre profitabilit\u00e9 avec une solution compl\u00e8te de gestion financi\u00e8re!\" \/>\n<meta name=\"robots\" content=\"index, follow, max-snippet:-1, max-image-preview:large, max-video-preview:-1\" \/>\n<link rel=\"canonical\" href=\"https:\/\/www.expertaccounting.ca\/fr\/\" \/>\n<meta property=\"og:locale\" content=\"fr_FR\" \/>\n<meta property=\"og:type\" content=\"article\" \/>\n<meta property=\"og:title\" content=\"Comptabilit\u00e9 Expert - Am\u00e9liorer la profitabilit\u00e9\" \/>\n<meta property=\"og:description\" content=\"Am\u00e9liorez votre profitabilit\u00e9 avec une solution compl\u00e8te de gestion financi\u00e8re!\" \/>\n<meta property=\"og:url\" content=\"https:\/\/www.expertaccounting.ca\/fr\/\" \/>\n<meta property=\"og:site_name\" content=\"Comptabilit\u00e9 Expert\" \/>\n<meta property=\"article:modified_time\" content=\"2025-01-24T12:13:24+00:00\" \/>\n<meta name=\"twitter:card\" content=\"summary_large_image\" \/>\n<meta name=\"twitter:label1\" content=\"Dur\u00e9e de lecture estim\u00e9e\" \/>\n\t<meta name=\"twitter:data1\" content=\"5 minutes\" \/>\n<script type=\"application\/ld+json\" class=\"yoast-schema-graph\">{\"@context\":\"https:\/\/schema.org\",\"@graph\":[{\"@type\":\"WebPage\",\"@id\":\"https:\/\/www.expertaccounting.ca\/fr\/\",\"url\":\"https:\/\/www.expertaccounting.ca\/fr\/\",\"name\":\"Comptabilit\u00e9 Expert - Am\u00e9liorer la profitabilit\u00e9\",\"isPartOf\":{\"@id\":\"https:\/\/www.expertaccounting.ca\/fr\/#website\"},\"datePublished\":\"2022-03-09T13:55:32+00:00\",\"dateModified\":\"2025-01-24T12:13:24+00:00\",\"description\":\"Am\u00e9liorez votre profitabilit\u00e9 avec une solution compl\u00e8te de gestion financi\u00e8re!\",\"breadcrumb\":{\"@id\":\"https:\/\/www.expertaccounting.ca\/fr\/#breadcrumb\"},\"inLanguage\":\"fr-FR\",\"potentialAction\":[{\"@type\":\"ReadAction\",\"target\":[\"https:\/\/www.expertaccounting.ca\/fr\/\"]}]},{\"@type\":\"BreadcrumbList\",\"@id\":\"https:\/\/www.expertaccounting.ca\/fr\/#breadcrumb\",\"itemListElement\":[{\"@type\":\"ListItem\",\"position\":1,\"name\":\"Home\",\"item\":\"https:\/\/www.expertaccounting.ca\/fr\/\"},{\"@type\":\"ListItem\",\"position\":2,\"name\":\"Accueil\"}]},{\"@type\":\"WebSite\",\"@id\":\"https:\/\/www.expertaccounting.ca\/fr\/#website\",\"url\":\"https:\/\/www.expertaccounting.ca\/fr\/\",\"name\":\"Comptabilit\u00e9 Expert\",\"description\":\"Am\u00e9liorer la profitabilit\u00e9\",\"potentialAction\":[{\"@type\":\"SearchAction\",\"target\":{\"@type\":\"EntryPoint\",\"urlTemplate\":\"https:\/\/www.expertaccounting.ca\/fr\/?s={search_term_string}\"},\"query-input\":{\"@type\":\"PropertyValueSpecification\",\"valueRequired\":true,\"valueName\":\"search_term_string\"}}],\"inLanguage\":\"fr-FR\"}]}<\/script>\n<!-- \/ Yoast SEO plugin. -->","yoast_head_json":{"title":"Comptabilit\u00e9 Expert - Am\u00e9liorer la profitabilit\u00e9","description":"Am\u00e9liorez votre profitabilit\u00e9 avec une solution compl\u00e8te de gestion financi\u00e8re!","robots":{"index":"index","follow":"follow","max-snippet":"max-snippet:-1","max-image-preview":"max-image-preview:large","max-video-preview":"max-video-preview:-1"},"canonical":"https:\/\/www.expertaccounting.ca\/fr\/","og_locale":"fr_FR","og_type":"article","og_title":"Comptabilit\u00e9 Expert - Am\u00e9liorer la profitabilit\u00e9","og_description":"Am\u00e9liorez votre profitabilit\u00e9 avec une solution compl\u00e8te de gestion financi\u00e8re!","og_url":"https:\/\/www.expertaccounting.ca\/fr\/","og_site_name":"Comptabilit\u00e9 Expert","article_modified_time":"2025-01-24T12:13:24+00:00","twitter_card":"summary_large_image","twitter_misc":{"Dur\u00e9e de lecture estim\u00e9e":"5 minutes"},"schema":{"@context":"https:\/\/schema.org","@graph":[{"@type":"WebPage","@id":"https:\/\/www.expertaccounting.ca\/fr\/","url":"https:\/\/www.expertaccounting.ca\/fr\/","name":"Comptabilit\u00e9 Expert - Am\u00e9liorer la profitabilit\u00e9","isPartOf":{"@id":"https:\/\/www.expertaccounting.ca\/fr\/#website"},"datePublished":"2022-03-09T13:55:32+00:00","dateModified":"2025-01-24T12:13:24+00:00","description":"Am\u00e9liorez votre profitabilit\u00e9 avec une solution compl\u00e8te de gestion financi\u00e8re!","breadcrumb":{"@id":"https:\/\/www.expertaccounting.ca\/fr\/#breadcrumb"},"inLanguage":"fr-FR","potentialAction":[{"@type":"ReadAction","target":["https:\/\/www.expertaccounting.ca\/fr\/"]}]},{"@type":"BreadcrumbList","@id":"https:\/\/www.expertaccounting.ca\/fr\/#breadcrumb","itemListElement":[{"@type":"ListItem","position":1,"name":"Home","item":"https:\/\/www.expertaccounting.ca\/fr\/"},{"@type":"ListItem","position":2,"name":"Accueil"}]},{"@type":"WebSite","@id":"https:\/\/www.expertaccounting.ca\/fr\/#website","url":"https:\/\/www.expertaccounting.ca\/fr\/","name":"Comptabilit\u00e9 Expert","description":"Am\u00e9liorer la profitabilit\u00e9","potentialAction":[{"@type":"SearchAction","target":{"@type":"EntryPoint","urlTemplate":"https:\/\/www.expertaccounting.ca\/fr\/?s={search_term_string}"},"query-input":{"@type":"PropertyValueSpecification","valueRequired":true,"valueName":"search_term_string"}}],"inLanguage":"fr-FR"}]}},"_links":{"self":[{"href":"https:\/\/www.expertaccounting.ca\/fr\/wp-json\/wp\/v2\/pages\/959","targetHints":{"allow":["GET"]}}],"collection":[{"href":"https:\/\/www.expertaccounting.ca\/fr\/wp-json\/wp\/v2\/pages"}],"about":[{"href":"https:\/\/www.expertaccounting.ca\/fr\/wp-json\/wp\/v2\/types\/page"}],"author":[{"embeddable":true,"href":"https:\/\/www.expertaccounting.ca\/fr\/wp-json\/wp\/v2\/users\/1"}],"replies":[{"embeddable":true,"href":"https:\/\/www.expertaccounting.ca\/fr\/wp-json\/wp\/v2\/comments?post=959"}],"version-history":[{"count":15,"href":"https:\/\/www.expertaccounting.ca\/fr\/wp-json\/wp\/v2\/pages\/959\/revisions"}],"predecessor-version":[{"id":1179,"href":"https:\/\/www.expertaccounting.ca\/fr\/wp-json\/wp\/v2\/pages\/959\/revisions\/1179"}],"wp:attachment":[{"href":"https:\/\/www.expertaccounting.ca\/fr\/wp-json\/wp\/v2\/media?parent=959"}],"curies":[{"name":"wp","href":"https:\/\/api.w.org\/{rel}","templated":true}]}}